{"id":80,"date":"2024-02-06T17:34:58","date_gmt":"2024-02-06T16:34:58","guid":{"rendered":"https:\/\/juergen-schlusnus.de\/?page_id=80"},"modified":"2026-03-15T09:52:08","modified_gmt":"2026-03-15T08:52:08","slug":"termine","status":"publish","type":"page","link":"https:\/\/juergen-schlusnus.de\/?page_id=80","title":{"rendered":"Termine"},"content":{"rendered":"\n<p><strong>10.04.2026, 19.00 Uhr<\/strong>: Vorstellung meines soeben bei K\u00f6nigshausen &amp; Neumann in W\u00fcrzburg erschienenen Buches &#8222;Der R\u00fcckw\u00e4rtsl\u00e4ufer und andere aussichtslose F\u00e4lle&#8220; im Brettmann-Haus in Stuckenborstel (max. Teilnehmerzahl: 12 Personen)<\/p>\n\n\n\n<p><strong>30.05.2026<\/strong>, <strong>19.30 Uhr<\/strong>: Lesung im Rahmen der 2. Stuckenborsteler Literaturgespr\u00e4che im Brettmann-Haus in Stuckenborstel <\/p>\n\n\n\n<p><\/p>\n","protected":false},"excerpt":{"rendered":"<p>10.04.2026, 19.00 Uhr: Vorstellung meines soeben bei K\u00f6nigshausen &amp; Neumann in W\u00fcrzburg erschienenen Buches &#8222;Der R\u00fcckw\u00e4rtsl\u00e4ufer und andere aussichtslose F\u00e4lle&#8220; im Brettmann-Haus in Stuckenborstel (max. Teilnehmerzahl: 12 Personen) 30.05.2026, 19.30 Uhr: Lesung im Rahmen der 2. Stuckenborsteler Literaturgespr\u00e4che im Brettmann-Haus in Stuckenborstel<\/p>\n","protected":false},"author":1,"featured_media":0,"parent":0,"menu_order":0,"comment_status":"closed","ping_status":"closed","template":"","meta":{"footnotes":""},"class_list":["post-80","page","type-page","status-publish","hentry","entry"],"_links":{"self":[{"href":"https:\/\/juergen-schlusnus.de\/index.php?rest_route=\/wp\/v2\/pages\/80","targetHints":{"allow":["GET"]}}],"collection":[{"href":"https:\/\/juergen-schlusnus.de\/index.php?rest_route=\/wp\/v2\/pages"}],"about":[{"href":"https:\/\/juergen-schlusnus.de\/index.php?rest_route=\/wp\/v2\/types\/page"}],"author":[{"embeddable":true,"href":"https:\/\/juergen-schlusnus.de\/index.php?rest_route=\/wp\/v2\/users\/1"}],"replies":[{"embeddable":true,"href":"https:\/\/juergen-schlusnus.de\/index.php?rest_route=%2Fwp%2Fv2%2Fcomments&post=80"}],"version-history":[{"count":4,"href":"https:\/\/juergen-schlusnus.de\/index.php?rest_route=\/wp\/v2\/pages\/80\/revisions"}],"predecessor-version":[{"id":455,"href":"https:\/\/juergen-schlusnus.de\/index.php?rest_route=\/wp\/v2\/pages\/80\/revisions\/455"}],"wp:attachment":[{"href":"https:\/\/juergen-schlusnus.de\/index.php?rest_route=%2Fwp%2Fv2%2Fmedia&parent=80"}],"curies":[{"name":"wp","href":"https:\/\/api.w.org\/{rel}","templated":true}]}}