{"id":466,"date":"2026-03-16T18:36:24","date_gmt":"2026-03-16T17:36:24","guid":{"rendered":"https:\/\/juergen-schlusnus.de\/?page_id=466"},"modified":"2026-03-16T18:46:40","modified_gmt":"2026-03-16T17:46:40","slug":"ueber-mich-2","status":"publish","type":"page","link":"https:\/\/juergen-schlusnus.de\/?page_id=466","title":{"rendered":"\u00dcber mich"},"content":{"rendered":"<div class=\"wp-block-image\">\n<figure class=\"aligncenter size-large is-resized\"><img loading=\"lazy\" decoding=\"async\" width=\"768\" height=\"1024\" src=\"https:\/\/juergen-schlusnus.de\/wp-content\/uploads\/2024\/05\/Foto-Juergen-Schlusnus-s_w-768x1024.jpg\" alt=\"\" class=\"wp-image-439\" style=\"width:162px;height:auto\" srcset=\"https:\/\/juergen-schlusnus.de\/wp-content\/uploads\/2024\/05\/Foto-Juergen-Schlusnus-s_w-768x1024.jpg 768w, https:\/\/juergen-schlusnus.de\/wp-content\/uploads\/2024\/05\/Foto-Juergen-Schlusnus-s_w-225x300.jpg 225w, https:\/\/juergen-schlusnus.de\/wp-content\/uploads\/2024\/05\/Foto-Juergen-Schlusnus-s_w-113x150.jpg 113w, https:\/\/juergen-schlusnus.de\/wp-content\/uploads\/2024\/05\/Foto-Juergen-Schlusnus-s_w-1152x1536.jpg 1152w, https:\/\/juergen-schlusnus.de\/wp-content\/uploads\/2024\/05\/Foto-Juergen-Schlusnus-s_w-1536x2048.jpg 1536w, https:\/\/juergen-schlusnus.de\/wp-content\/uploads\/2024\/05\/Foto-Juergen-Schlusnus-s_w-1568x2091.jpg 1568w, https:\/\/juergen-schlusnus.de\/wp-content\/uploads\/2024\/05\/Foto-Juergen-Schlusnus-s_w-scaled.jpg 1920w\" sizes=\"auto, (max-width: 768px) 100vw, 768px\" \/><\/figure>\n<\/div>\n\n\n<p><em>&#8222;Ich schreibe in erster Linie zu meiner Unterhaltung. Dabei versuche ich, so gut zu schreiben, dass es mir auch als Leser gefallen w\u00fcrde. Wenn mir das gelingt und meine Texte andere unterhalten, bin ich zufrieden.&#8220;<\/em> <\/p>\n\n\n\n<p>J\u00fcrgen Schlusnus, geboren 1957, studierte in Oldenburg Ger\u00admanistik und Geschichte und schloss das Magisterstudium mit ei\u00adner <a href=\"https:\/\/juergen-schlusnus.de\/?page_id=138\" data-type=\"page\" data-id=\"138\">Arbeit \u00fcber den preu\u00dfischen Schriftsteller Julius von Vo\u00df<\/a> ab.<\/p>\n\n\n\n<p>W\u00e4hrend des Studiums gr\u00fcndete er einen Kleinstverlag und gab dort neben ein paar wenigen B\u00fcchern auch die Oldenburger Literaturzeitschrift \u00bbNicht Direkt\u00ab heraus. Er gr\u00fcndete 1984 die heute noch bestehende Oldenburger Autorengruppe WORTSTATT und war neben Kai Engelke Mitorganisator der \u00bbSurwolder Literaturgespr\u00e4che\u00ab. Nach dem Studium arbeitete er kurzfristig als Paketzusteller und dann fast 30 Jahre als Verwaltungsbeamter in leitenden Positionen. Seit 1989 lebt er mit Frau, Kindern und Enkelkindern auf dem Hollenhof in Stuckenbor\u00adstel im Landkreis Rotenburg (W\u00fcmme). 2019 gew\u00e4hrte ihm das Land Niedersachsen ein unbefristetes Arbeits- und Reisestipendium. Seinen Schreibstil verortet er in der Tradition des \u00bbmagischen Realismus\u00ab.<\/p>\n\n\n\n<p> Schreibt neben seiner literarischen Arbeit an einer Dissertation (Uni Bremen) mit dem Titel: &#8222;Geschichtserfahrung und Geschichtsdeutung zwischen Aufkl\u00e4rung und Vorm\u00e4rz. Christian von Massenbach (1758-1827) und die preu\u00dfische \u00d6ffentlichkeit&#8220;.<\/p>\n\n\n\n<p><\/p>\n","protected":false},"excerpt":{"rendered":"<p>&#8222;Ich schreibe in erster Linie zu meiner Unterhaltung. Dabei versuche ich, so gut zu schreiben, dass es mir auch als Leser gefallen w\u00fcrde. Wenn mir das gelingt und meine Texte andere unterhalten, bin ich zufrieden.&#8220; J\u00fcrgen Schlusnus, geboren 1957, studierte in Oldenburg Ger\u00admanistik und Geschichte und schloss das Magisterstudium mit ei\u00adner Arbeit \u00fcber den preu\u00dfischen &hellip; <\/p>\n<p class=\"link-more\"><a href=\"https:\/\/juergen-schlusnus.de\/?page_id=466\" class=\"more-link\"><span class=\"screen-reader-text\">\u201e\u00dcber mich\u201c <\/span>weiterlesen<\/a><\/p>\n","protected":false},"author":1,"featured_media":0,"parent":0,"menu_order":0,"comment_status":"closed","ping_status":"closed","template":"","meta":{"footnotes":""},"class_list":["post-466","page","type-page","status-publish","hentry","entry"],"_links":{"self":[{"href":"https:\/\/juergen-schlusnus.de\/index.php?rest_route=\/wp\/v2\/pages\/466","targetHints":{"allow":["GET"]}}],"collection":[{"href":"https:\/\/juergen-schlusnus.de\/index.php?rest_route=\/wp\/v2\/pages"}],"about":[{"href":"https:\/\/juergen-schlusnus.de\/index.php?rest_route=\/wp\/v2\/types\/page"}],"author":[{"embeddable":true,"href":"https:\/\/juergen-schlusnus.de\/index.php?rest_route=\/wp\/v2\/users\/1"}],"replies":[{"embeddable":true,"href":"https:\/\/juergen-schlusnus.de\/index.php?rest_route=%2Fwp%2Fv2%2Fcomments&post=466"}],"version-history":[{"count":2,"href":"https:\/\/juergen-schlusnus.de\/index.php?rest_route=\/wp\/v2\/pages\/466\/revisions"}],"predecessor-version":[{"id":473,"href":"https:\/\/juergen-schlusnus.de\/index.php?rest_route=\/wp\/v2\/pages\/466\/revisions\/473"}],"wp:attachment":[{"href":"https:\/\/juergen-schlusnus.de\/index.php?rest_route=%2Fwp%2Fv2%2Fmedia&parent=466"}],"curies":[{"name":"wp","href":"https:\/\/api.w.org\/{rel}","templated":true}]}}