{"id":416,"date":"2024-05-05T17:46:38","date_gmt":"2024-05-05T15:46:38","guid":{"rendered":"https:\/\/juergen-schlusnus.de\/?page_id=416"},"modified":"2024-05-05T17:46:38","modified_gmt":"2024-05-05T15:46:38","slug":"auf-dem-posten","status":"publish","type":"page","link":"https:\/\/juergen-schlusnus.de\/?page_id=416","title":{"rendered":"Auf dem Posten"},"content":{"rendered":"\n<p><strong>Leseprobe:<\/strong><\/p>\n\n\n\n<p>Ich sitze an meinem Schreibtisch und sehe hinaus. Mein Schreibzimmer steht im Obergeschoss unter einer Dachschr\u00e4ge und ich schaue durch ein Dachfenster. Von der Mirabelle, die in diesem Jahr sehr fr\u00fch bl\u00fcht, sehe ich nur die obersten Zweige mit den sich langsam br\u00e4unlich f\u00e4rbenden Bl\u00fctenbl\u00e4ttern, die vor kurzem noch schneewei\u00df waren. Und oben, am h\u00f6chsten Punkt des Mirabellenbaums, sitzt eine Elster und l\u00e4sst sich vom Wind schaukeln. Unbeweglich sitzt sie da und sieht mich an. Ich habe keine Ahnung, ob Elstern Menschen durch ein Dachfenster hindurch fixieren k\u00f6nnen. Mir kommt es jedoch so vor, als fixiere sie mich. Andere Elstern kommen, umkreisen diese eine Elster, die mich beobachtet, und fliegen weiter. Aber meine Elster ist stoisch. H\u00f6chstens, dass sie mal kurz den Kopf schr\u00e4g legt und gelangweilt nach links oder rechts sieht.<br>[&#8230;]<\/p>\n","protected":false},"excerpt":{"rendered":"<p>Leseprobe: Ich sitze an meinem Schreibtisch und sehe hinaus. Mein Schreibzimmer steht im Obergeschoss unter einer Dachschr\u00e4ge und ich schaue durch ein Dachfenster. Von der Mirabelle, die in diesem Jahr sehr fr\u00fch bl\u00fcht, sehe ich nur die obersten Zweige mit den sich langsam br\u00e4unlich f\u00e4rbenden Bl\u00fctenbl\u00e4ttern, die vor kurzem noch schneewei\u00df waren. Und oben, am &hellip; <\/p>\n<p class=\"link-more\"><a href=\"https:\/\/juergen-schlusnus.de\/?page_id=416\" class=\"more-link\"><span class=\"screen-reader-text\">\u201eAuf dem Posten\u201c <\/span>weiterlesen<\/a><\/p>\n","protected":false},"author":1,"featured_media":0,"parent":0,"menu_order":0,"comment_status":"closed","ping_status":"closed","template":"","meta":{"footnotes":""},"class_list":["post-416","page","type-page","status-publish","hentry","entry"],"_links":{"self":[{"href":"https:\/\/juergen-schlusnus.de\/index.php?rest_route=\/wp\/v2\/pages\/416","targetHints":{"allow":["GET"]}}],"collection":[{"href":"https:\/\/juergen-schlusnus.de\/index.php?rest_route=\/wp\/v2\/pages"}],"about":[{"href":"https:\/\/juergen-schlusnus.de\/index.php?rest_route=\/wp\/v2\/types\/page"}],"author":[{"embeddable":true,"href":"https:\/\/juergen-schlusnus.de\/index.php?rest_route=\/wp\/v2\/users\/1"}],"replies":[{"embeddable":true,"href":"https:\/\/juergen-schlusnus.de\/index.php?rest_route=%2Fwp%2Fv2%2Fcomments&post=416"}],"version-history":[{"count":1,"href":"https:\/\/juergen-schlusnus.de\/index.php?rest_route=\/wp\/v2\/pages\/416\/revisions"}],"predecessor-version":[{"id":417,"href":"https:\/\/juergen-schlusnus.de\/index.php?rest_route=\/wp\/v2\/pages\/416\/revisions\/417"}],"wp:attachment":[{"href":"https:\/\/juergen-schlusnus.de\/index.php?rest_route=%2Fwp%2Fv2%2Fmedia&parent=416"}],"curies":[{"name":"wp","href":"https:\/\/api.w.org\/{rel}","templated":true}]}}