{"id":409,"date":"2024-05-05T17:41:23","date_gmt":"2024-05-05T15:41:23","guid":{"rendered":"https:\/\/juergen-schlusnus.de\/?page_id=409"},"modified":"2024-05-05T17:45:11","modified_gmt":"2024-05-05T15:45:11","slug":"aussichtslos","status":"publish","type":"page","link":"https:\/\/juergen-schlusnus.de\/?page_id=409","title":{"rendered":"Aussichtslos"},"content":{"rendered":"\n<p><strong>Leseprobe:<\/strong><\/p>\n\n\n\n<p>In meinen Geschichten kommen Frauen nur selten vor, wenn \u00fcberhaupt, dann nur am Rande. Das merke ich jetzt erst, als ich noch einmal \u00fcber Bela nachdenke. Von den wenigen Frauen, \u00fcber die ich geschrieben habe, war Bela zweifellos die h\u00fcbscheste. Vielleicht nicht die kl\u00fcgste, aber die h\u00fcbscheste. Aber auch das meine ich eher in einem \u00fcbertragenen Sinne. In ihren Gesichtsz\u00fcgen war sie ein bisschen wie \u00fcberreife Trauben, ein klein wenig schnurrb\u00e4rtig, was nicht gro\u00df auffiel, ihr Mund schmollte, und sp\u00e4ter w\u00e4re sie wohl etwas fest geworden. Aber sie ist auf sch\u00f6nen Beinen in den Tod gegangen, der, das gebe ich zu, ein sinnloser Tod war. Doch viele Tode sind sinnlos, und deswegen hatte ich keine Skrupel, Bela in diesen sinnlosen Tod zu schicken. Au\u00dferdem ist alles blo\u00df eine Geschichte, die ich mir ausgedacht habe.<\/p>\n\n\n\n<p>Zuletzt war sie mit Jonas zusammen, dem Maler, aber ich bin ihr nicht b\u00f6se deswegen. \u201eIch bin nicht mit Jonas zusammen\u201c, sagt sie, \u201ewie kommst du darauf?\u201c<\/p>\n\n\n\n<p>\u201eNat\u00fcrlich bis du mit Jonas zusammen\u201c, sage ich. \u201eIhr fr\u00fchst\u00fcckt doch gerade zusammen.\u201c<\/p>\n\n\n\n<p>\u201eNa und? Bist du mit jedem zusammen gewesen, mit dem du gefr\u00fchst\u00fcckt hast?\u201c<\/p>\n\n\n\n<p>Sie hat Recht. Das war, was ich an ihr, au\u00dfer dass ich sie h\u00fcbsch fand, so sch\u00e4tzte: ihre schlichte m\u00e4nnliche Vernunft, die Dinge auf den Punkt bringt. Vielleicht war es das, was mich zu ihr hinzog &#8211; h\u00fcbsch sind andere ja auch. Bela sitzt also an diesem herrlichen Hochsommertag mit Jonas, dem Maler, mit dem sie die Nacht verbracht hat, auf dem kleinen Balkon und fr\u00fchst\u00fcckt. Sie ist mit ihm zusammen, das lasse ich mir von ihr nicht ausreden. Ich k\u00f6nnte, wenn ich wollte, ausf\u00fchrlich dar\u00fcber berichten, in welchen Positionen und mit welchen Worten sie sich in der letzten Nacht gegenseitig zur Raserei getrieben haben. Gerade eben noch, bevor beide nach drau\u00dfen auf den Balkon gekommen sind, haben sie da drinnen in der kleinen Wohnung neben- und aufeinander auf dem Teppichboden gelegen. Danach hat sie nur eben den Verschluss ihres Bodys, den sie anbehalten hatte, zugedr\u00fcckt und dann mit schwei\u00dfnasser Haut Kaffee gekocht und das Tischchen auf dem Balkon gedeckt. Jonas hat ein altes Album von den <em>Pretenders<\/em> aufgelegt. Gerade jetzt, als Bela mit der Kaffeekanne aus der K\u00fcche kommt, spielt <em>My Baby<\/em>, das erste St\u00fcck des Albums, und er dreht die Lautst\u00e4rke auf. Daran wird er sich sp\u00e4ter vielleicht erinnern.<br>[&#8230;]<\/p>\n","protected":false},"excerpt":{"rendered":"<p>Leseprobe: In meinen Geschichten kommen Frauen nur selten vor, wenn \u00fcberhaupt, dann nur am Rande. Das merke ich jetzt erst, als ich noch einmal \u00fcber Bela nachdenke. Von den wenigen Frauen, \u00fcber die ich geschrieben habe, war Bela zweifellos die h\u00fcbscheste. Vielleicht nicht die kl\u00fcgste, aber die h\u00fcbscheste. Aber auch das meine ich eher in &hellip; <\/p>\n<p class=\"link-more\"><a href=\"https:\/\/juergen-schlusnus.de\/?page_id=409\" class=\"more-link\"><span class=\"screen-reader-text\">\u201eAussichtslos\u201c <\/span>weiterlesen<\/a><\/p>\n","protected":false},"author":1,"featured_media":0,"parent":0,"menu_order":0,"comment_status":"closed","ping_status":"closed","template":"","meta":{"footnotes":""},"class_list":["post-409","page","type-page","status-publish","hentry","entry"],"_links":{"self":[{"href":"https:\/\/juergen-schlusnus.de\/index.php?rest_route=\/wp\/v2\/pages\/409","targetHints":{"allow":["GET"]}}],"collection":[{"href":"https:\/\/juergen-schlusnus.de\/index.php?rest_route=\/wp\/v2\/pages"}],"about":[{"href":"https:\/\/juergen-schlusnus.de\/index.php?rest_route=\/wp\/v2\/types\/page"}],"author":[{"embeddable":true,"href":"https:\/\/juergen-schlusnus.de\/index.php?rest_route=\/wp\/v2\/users\/1"}],"replies":[{"embeddable":true,"href":"https:\/\/juergen-schlusnus.de\/index.php?rest_route=%2Fwp%2Fv2%2Fcomments&post=409"}],"version-history":[{"count":2,"href":"https:\/\/juergen-schlusnus.de\/index.php?rest_route=\/wp\/v2\/pages\/409\/revisions"}],"predecessor-version":[{"id":415,"href":"https:\/\/juergen-schlusnus.de\/index.php?rest_route=\/wp\/v2\/pages\/409\/revisions\/415"}],"wp:attachment":[{"href":"https:\/\/juergen-schlusnus.de\/index.php?rest_route=%2Fwp%2Fv2%2Fmedia&parent=409"}],"curies":[{"name":"wp","href":"https:\/\/api.w.org\/{rel}","templated":true}]}}