{"id":330,"date":"2024-02-08T20:39:51","date_gmt":"2024-02-08T19:39:51","guid":{"rendered":"https:\/\/juergen-schlusnus.de\/?page_id=330"},"modified":"2024-05-05T18:10:23","modified_gmt":"2024-05-05T16:10:23","slug":"texte-2","status":"publish","type":"page","link":"https:\/\/juergen-schlusnus.de\/?page_id=330","title":{"rendered":"Texte"},"content":{"rendered":"<div class=\"wp-block-image\">\n<figure class=\"aligncenter size-full is-resized\"><img loading=\"lazy\" decoding=\"async\" width=\"198\" height=\"163\" src=\"https:\/\/juergen-schlusnus.de\/wp-content\/uploads\/2024\/02\/Eingang-IV-Buecher.jpg\" alt=\"\" class=\"wp-image-318\" style=\"width:182px;height:auto\" srcset=\"https:\/\/juergen-schlusnus.de\/wp-content\/uploads\/2024\/02\/Eingang-IV-Buecher.jpg 198w, https:\/\/juergen-schlusnus.de\/wp-content\/uploads\/2024\/02\/Eingang-IV-Buecher-150x123.jpg 150w\" sizes=\"auto, (max-width: 198px) 100vw, 198px\" \/><\/figure>\n<\/div>\n\n\n<p style=\"line-height:1\">Hier m\u00f6chte ich Euch meine unver\u00f6ffentlichten Texte vorstellen. Wenn Ihr Lust habt, schreibt mir Eure Meinung in die Kommentare!<\/p>\n\n\n\n<p style=\"line-height:1\"><a href=\"https:\/\/juergen-schlusnus.de\/?page_id=407\" data-type=\"page\" data-id=\"407\">Die Kr\u00e4he<\/a><\/p>\n\n\n\n<p style=\"line-height:1\"><a href=\"https:\/\/juergen-schlusnus.de\/?page_id=409\" data-type=\"page\" data-id=\"409\">Aussichtslos<\/a><\/p>\n\n\n\n<p style=\"line-height:1\"><a href=\"http:\/\/Der R\u00fcckw\u00e4rtsl\u00e4ufer\">Der R\u00fcckw\u00e4rtsl\u00e4ufer<\/a><\/p>\n\n\n\n<p style=\"line-height:1\"><a href=\"https:\/\/juergen-schlusnus.de\/?page_id=416\" data-type=\"page\" data-id=\"416\">Auf dem Posten<\/a><\/p>\n\n\n\n<p style=\"line-height:1\"><a href=\"http:\/\/Die Schwalben\">Die Schwalben<\/a><\/p>\n\n\n\n<p style=\"line-height:1\"><a href=\"http:\/\/Klamms Ende\">Klamms Ende<\/a><\/p>\n\n\n\n<p style=\"line-height:1\"><a href=\"http:\/\/Theas Augen\">Theas Augen<\/a><\/p>\n\n\n\n<p style=\"line-height:1\"><a href=\"http:\/\/Die Verlobung\">Die Verlobung am Starnberger See. Erz\u00e4hlung<\/a><\/p>\n\n\n\n<p style=\"line-height:1\"><a href=\"https:\/\/juergen-schlusnus.de\/?page_id=339\" data-type=\"page\" data-id=\"339\">Ludwig, lieber Ludwig. Eine Raunachtserz\u00e4hlung<\/a><\/p>\n\n\n\n<p style=\"line-height:1\"><a href=\"http:\/\/Die Erl\u00f6sung\">Die Erl\u00f6sung. Erz\u00e4hlung<\/a><\/p>\n\n\n\n<p><a href=\"https:\/\/juergen-schlusnus.de\/?page_id=432\" data-type=\"page\" data-id=\"432\">Die Festung. Roman<\/a><\/p>\n\n\n\n<p style=\"line-height:1\"><a href=\"https:\/\/juergen-schlusnus.de\/?page_id=348\" data-type=\"page\" data-id=\"348\">Aus dem Staube. Roman<\/a><\/p>\n\n\n\n<p style=\"line-height:1\"><a href=\"https:\/\/juergen-schlusnus.de\/?page_id=327\" data-type=\"page\" data-id=\"327\">Vom Eise befreit. Roman<\/a><\/p>\n","protected":false},"excerpt":{"rendered":"<p>Hier m\u00f6chte ich Euch meine unver\u00f6ffentlichten Texte vorstellen. Wenn Ihr Lust habt, schreibt mir Eure Meinung in die Kommentare! Die Kr\u00e4he Aussichtslos Der R\u00fcckw\u00e4rtsl\u00e4ufer Auf dem Posten Die Schwalben Klamms Ende Theas Augen Die Verlobung am Starnberger See. Erz\u00e4hlung Ludwig, lieber Ludwig. Eine Raunachtserz\u00e4hlung Die Erl\u00f6sung. Erz\u00e4hlung Die Festung. Roman Aus dem Staube. Roman Vom &hellip; <\/p>\n<p class=\"link-more\"><a href=\"https:\/\/juergen-schlusnus.de\/?page_id=330\" class=\"more-link\"><span class=\"screen-reader-text\">\u201eTexte\u201c <\/span>weiterlesen<\/a><\/p>\n","protected":false},"author":1,"featured_media":0,"parent":0,"menu_order":0,"comment_status":"closed","ping_status":"closed","template":"","meta":{"footnotes":""},"class_list":["post-330","page","type-page","status-publish","hentry","entry"],"_links":{"self":[{"href":"https:\/\/juergen-schlusnus.de\/index.php?rest_route=\/wp\/v2\/pages\/330","targetHints":{"allow":["GET"]}}],"collection":[{"href":"https:\/\/juergen-schlusnus.de\/index.php?rest_route=\/wp\/v2\/pages"}],"about":[{"href":"https:\/\/juergen-schlusnus.de\/index.php?rest_route=\/wp\/v2\/types\/page"}],"author":[{"embeddable":true,"href":"https:\/\/juergen-schlusnus.de\/index.php?rest_route=\/wp\/v2\/users\/1"}],"replies":[{"embeddable":true,"href":"https:\/\/juergen-schlusnus.de\/index.php?rest_route=%2Fwp%2Fv2%2Fcomments&post=330"}],"version-history":[{"count":10,"href":"https:\/\/juergen-schlusnus.de\/index.php?rest_route=\/wp\/v2\/pages\/330\/revisions"}],"predecessor-version":[{"id":435,"href":"https:\/\/juergen-schlusnus.de\/index.php?rest_route=\/wp\/v2\/pages\/330\/revisions\/435"}],"wp:attachment":[{"href":"https:\/\/juergen-schlusnus.de\/index.php?rest_route=%2Fwp%2Fv2%2Fmedia&parent=330"}],"curies":[{"name":"wp","href":"https:\/\/api.w.org\/{rel}","templated":true}]}}