{"id":218,"date":"2024-02-07T19:23:31","date_gmt":"2024-02-07T18:23:31","guid":{"rendered":"https:\/\/juergen-schlusnus.de\/?page_id=218"},"modified":"2024-02-08T19:06:34","modified_gmt":"2024-02-08T18:06:34","slug":"bestellungen","status":"publish","type":"page","link":"https:\/\/juergen-schlusnus.de\/?page_id=218","title":{"rendered":"Bestellungen"},"content":{"rendered":"\n<p id=\"bestellung\">Wenn Du eines der hier angebotenen B\u00fccher kaufen m\u00f6chtest, dann schreib mir bitte eine Mail und \u00fcberweise den f\u00e4lligen Betrag per <a href=\"https:\/\/www.paypal.com\">PayPal<\/a> an meine Mail <a href=\"mailto:jschlusnus@gmx.de\">jschlusnus@gmx.de<\/a> oder erfrage meine Bankverbindung.<\/p>\n","protected":false},"excerpt":{"rendered":"<p>Wenn Du eines der hier angebotenen B\u00fccher kaufen m\u00f6chtest, dann schreib mir bitte eine Mail und \u00fcberweise den f\u00e4lligen Betrag per PayPal an meine Mail jschlusnus@gmx.de oder erfrage meine Bankverbindung.<\/p>\n","protected":false},"author":1,"featured_media":0,"parent":0,"menu_order":0,"comment_status":"closed","ping_status":"closed","template":"","meta":{"footnotes":""},"class_list":["post-218","page","type-page","status-publish","hentry","entry"],"_links":{"self":[{"href":"https:\/\/juergen-schlusnus.de\/index.php?rest_route=\/wp\/v2\/pages\/218","targetHints":{"allow":["GET"]}}],"collection":[{"href":"https:\/\/juergen-schlusnus.de\/index.php?rest_route=\/wp\/v2\/pages"}],"about":[{"href":"https:\/\/juergen-schlusnus.de\/index.php?rest_route=\/wp\/v2\/types\/page"}],"author":[{"embeddable":true,"href":"https:\/\/juergen-schlusnus.de\/index.php?rest_route=\/wp\/v2\/users\/1"}],"replies":[{"embeddable":true,"href":"https:\/\/juergen-schlusnus.de\/index.php?rest_route=%2Fwp%2Fv2%2Fcomments&post=218"}],"version-history":[{"count":7,"href":"https:\/\/juergen-schlusnus.de\/index.php?rest_route=\/wp\/v2\/pages\/218\/revisions"}],"predecessor-version":[{"id":286,"href":"https:\/\/juergen-schlusnus.de\/index.php?rest_route=\/wp\/v2\/pages\/218\/revisions\/286"}],"wp:attachment":[{"href":"https:\/\/juergen-schlusnus.de\/index.php?rest_route=%2Fwp%2Fv2%2Fmedia&parent=218"}],"curies":[{"name":"wp","href":"https:\/\/api.w.org\/{rel}","templated":true}]}}