{"id":138,"date":"2024-02-06T19:49:49","date_gmt":"2024-02-06T18:49:49","guid":{"rendered":"https:\/\/juergen-schlusnus.de\/?page_id=138"},"modified":"2026-03-15T13:29:16","modified_gmt":"2026-03-15T12:29:16","slug":"texte","status":"publish","type":"page","link":"https:\/\/juergen-schlusnus.de\/?page_id=138","title":{"rendered":"B\u00fccher\/Texte"},"content":{"rendered":"\n<figure class=\"wp-block-table\"><table><tbody><tr><td class=\"has-text-align-center\" data-align=\"center\"><a href=\"#aussichtslos1\">Erz\u00e4hlungen<\/a><\/td><td class=\"has-text-align-center\" data-align=\"center\"><a href=\"#voss\">Wissenschaft<\/a><\/td><td><a href=\"https:\/\/juergen-schlusnus.de\/?page_id=330\" data-type=\"page\" data-id=\"330\">Texte<\/a><\/td><td class=\"has-text-align-center\" data-align=\"center\"><img loading=\"lazy\" decoding=\"async\" width=\"150\" height=\"123\" class=\"wp-image-318\" style=\"width: 150px;\" src=\"https:\/\/juergen-schlusnus.de\/wp-content\/uploads\/2024\/02\/Eingang-IV-Buecher.jpg\" alt=\"\" srcset=\"https:\/\/juergen-schlusnus.de\/wp-content\/uploads\/2024\/02\/Eingang-IV-Buecher.jpg 198w, https:\/\/juergen-schlusnus.de\/wp-content\/uploads\/2024\/02\/Eingang-IV-Buecher-150x123.jpg 150w\" sizes=\"auto, (max-width: 150px) 100vw, 150px\" \/><\/td><\/tr><\/tbody><\/table><\/figure>\n\n\n<div class=\"wp-block-image\">\n<figure class=\"aligncenter size-large is-resized\" id=\"aussichtslos1\"><img loading=\"lazy\" decoding=\"async\" width=\"670\" height=\"1024\" src=\"https:\/\/juergen-schlusnus.de\/wp-content\/uploads\/2024\/02\/Vordercover-670x1024.jpg\" alt=\"\" class=\"wp-image-188\" style=\"width:149px;height:auto\" title=\"\" srcset=\"https:\/\/juergen-schlusnus.de\/wp-content\/uploads\/2024\/02\/Vordercover-670x1024.jpg 670w, https:\/\/juergen-schlusnus.de\/wp-content\/uploads\/2024\/02\/Vordercover-196x300.jpg 196w, https:\/\/juergen-schlusnus.de\/wp-content\/uploads\/2024\/02\/Vordercover-98x150.jpg 98w, https:\/\/juergen-schlusnus.de\/wp-content\/uploads\/2024\/02\/Vordercover-768x1175.jpg 768w, https:\/\/juergen-schlusnus.de\/wp-content\/uploads\/2024\/02\/Vordercover-1004x1536.jpg 1004w, https:\/\/juergen-schlusnus.de\/wp-content\/uploads\/2024\/02\/Vordercover-1339x2048.jpg 1339w, https:\/\/juergen-schlusnus.de\/wp-content\/uploads\/2024\/02\/Vordercover-1568x2398.jpg 1568w, https:\/\/juergen-schlusnus.de\/wp-content\/uploads\/2024\/02\/Vordercover-scaled.jpg 1674w\" sizes=\"auto, (max-width: 670px) 100vw, 670px\" \/><\/figure>\n<\/div>\n\n\n<p class=\"has-text-align-center has-small-font-size\"><a href=\"https:\/\/juergen-schlusnus.de\/?page_id=218\" data-type=\"page\" data-id=\"218\">Klicke f\u00fcr Bestellung<\/a><br><a href=\"https:\/\/juergen-schlusnus.de\/?page_id=295\" data-type=\"page\" data-id=\"295\">Leseprobe<\/a><\/p>\n\n\n\n<p class=\"has-text-align-left has-small-font-size\" style=\"line-height:1\"><strong>&#8222;Aussichtsloser Fall&#8220; ist eine leichte, etwas wehm\u00fctige Geschichte von zwei jungen Menschen, von Helen, einer etwas st\u00f6rrischen Engl\u00e4nderin, und von Julian, der das Sprechen erst noch lernen muss, von einer Liebe in Florenz, vom Tod und vom Geborenwerden.<\/strong><br><strong>Taschenbuch, 55 Seiten, 6,50 \u20ac zzgl. 2,- Versandkosten<\/strong><br><br><\/p>\n\n\n<div class=\"wp-block-image\">\n<figure class=\"aligncenter size-large is-resized\"><img loading=\"lazy\" decoding=\"async\" width=\"674\" height=\"1024\" src=\"https:\/\/juergen-schlusnus.de\/wp-content\/uploads\/2024\/02\/Vorderseite-674x1024.png\" alt=\"\" class=\"wp-image-183\" style=\"width:149px\" srcset=\"https:\/\/juergen-schlusnus.de\/wp-content\/uploads\/2024\/02\/Vorderseite-674x1024.png 674w, https:\/\/juergen-schlusnus.de\/wp-content\/uploads\/2024\/02\/Vorderseite-197x300.png 197w, https:\/\/juergen-schlusnus.de\/wp-content\/uploads\/2024\/02\/Vorderseite-99x150.png 99w, https:\/\/juergen-schlusnus.de\/wp-content\/uploads\/2024\/02\/Vorderseite-768x1167.png 768w, https:\/\/juergen-schlusnus.de\/wp-content\/uploads\/2024\/02\/Vorderseite.png 800w\" sizes=\"auto, (max-width: 674px) 100vw, 674px\" \/><\/figure>\n<\/div>\n\n\n<p class=\"has-text-align-center has-small-font-size\"><a href=\"https:\/\/juergen-schlusnus.de\/?page_id=218\" data-type=\"page\" data-id=\"218\">Klicke zur Bestellung<\/a><br><a href=\"https:\/\/juergen-schlusnus.de\/?page_id=302\" data-type=\"page\" data-id=\"302\">Leseprobe<\/a><\/p>\n\n\n\n<p class=\"has-small-font-size\" id=\"voss\" style=\"line-height:1\"><strong>26 Erz\u00e4hlungen, so r\u00e4tselhaft wie eine Herbst-Wanderung im Nebel. Mit 13 Illustrationen von Hermine Reina Wieland. <\/strong><br><strong>&#8222;Die bisher unver\u00f6ffentlichten fr\u00fchen Prosatexte Alexander Renners f\u00fcgen unserem Bild des gro\u00dfen Schriftstellers neue Nuancen hinzu.&#8220; (Prof. Gunther Achtermann)<br>Taschenbuch, 409 Seiten, 16,- \u20ac zzgl. 2,- Versandkosten<\/strong><br><\/p>\n\n\n<div class=\"wp-block-image\">\n<figure class=\"aligncenter size-large is-resized\"><img loading=\"lazy\" decoding=\"async\" width=\"718\" height=\"1024\" src=\"https:\/\/juergen-schlusnus.de\/wp-content\/uploads\/2024\/02\/Cover-718x1024.jpg\" alt=\"\" class=\"wp-image-239\" style=\"width:149px\" srcset=\"https:\/\/juergen-schlusnus.de\/wp-content\/uploads\/2024\/02\/Cover-718x1024.jpg 718w, https:\/\/juergen-schlusnus.de\/wp-content\/uploads\/2024\/02\/Cover-210x300.jpg 210w, https:\/\/juergen-schlusnus.de\/wp-content\/uploads\/2024\/02\/Cover-105x150.jpg 105w, https:\/\/juergen-schlusnus.de\/wp-content\/uploads\/2024\/02\/Cover-768x1095.jpg 768w, https:\/\/juergen-schlusnus.de\/wp-content\/uploads\/2024\/02\/Cover-1077x1536.jpg 1077w, https:\/\/juergen-schlusnus.de\/wp-content\/uploads\/2024\/02\/Cover-1436x2048.jpg 1436w, https:\/\/juergen-schlusnus.de\/wp-content\/uploads\/2024\/02\/Cover-1568x2236.jpg 1568w, https:\/\/juergen-schlusnus.de\/wp-content\/uploads\/2024\/02\/Cover-scaled.jpg 1795w\" sizes=\"auto, (max-width: 718px) 100vw, 718px\" \/><\/figure>\n<\/div>\n\n\n<figure class=\"wp-block-table\"><table><tbody><tr><td><a href=\"https:\/\/juergen-schlusnus.de\/?page_id=218\" data-type=\"page\" data-id=\"218\">Bestellung direkt beim Autor<\/a><\/td><td><a href=\"https:\/\/www.booklooker.de\/B%C3%BCcher\/Angebote\/autor=schlusnus&amp;titel=voss\">Bestellung bei Booklooker<\/a><\/td><td>Bestellung im Buchhandel: ISBN 978-3-754157-09-1<\/td><\/tr><\/tbody><\/table><\/figure>\n\n\n\n<p class=\"has-text-align-left has-small-font-size\"><strong>Diese Studie aus dem Jahre 1988 beleuchtet die politischen Schriften des Berliner Publizisten Julius von Vo\u00df aus den Jahren 1805-1809. Nach der preu\u00dfischen Niederlage bei Jena und Auerst\u00e4dt und der franz\u00f6sischen Okkupation Preu\u00dfens entwickelte sich unter v\u00f6llig ver\u00e4nderten Zensurbedingungen ein mit der Schreibfeder ausgetragener \u201eKrieg der Meinungen\u201c, in dem Publizisten wie Friedrich Buchholz, Friedrich von C\u00f6lln, Hans von Held, Christian von Massenbach, Julius von Vo\u00df und andere Ursachenforschung f\u00fcr den mit der milit\u00e4rischen Niederlage einhergehenden Zusammenbruch des preu\u00dfischen Staates betrieben und mit ihrer oftmals \u00e4tzenden Kritik an den Zust\u00e4nden des ancien r\u00e9gime nicht hinterm Berg hielten<\/strong>.<br><strong>Hardcover, 240 Seiten, 32,- \u20ac zzgl. 2,- Versandkosten<\/strong><br><\/p>\n","protected":false},"excerpt":{"rendered":"<p>Erz\u00e4hlungen Wissenschaft Texte Klicke f\u00fcr BestellungLeseprobe &#8222;Aussichtsloser Fall&#8220; ist eine leichte, etwas wehm\u00fctige Geschichte von zwei jungen Menschen, von Helen, einer etwas st\u00f6rrischen Engl\u00e4nderin, und von Julian, der das Sprechen erst noch lernen muss, von einer Liebe in Florenz, vom Tod und vom Geborenwerden.Taschenbuch, 55 Seiten, 6,50 \u20ac zzgl. 2,- Versandkosten Klicke zur BestellungLeseprobe 26 &hellip; <\/p>\n<p class=\"link-more\"><a href=\"https:\/\/juergen-schlusnus.de\/?page_id=138\" class=\"more-link\"><span class=\"screen-reader-text\">\u201eB\u00fccher\/Texte\u201c <\/span>weiterlesen<\/a><\/p>\n","protected":false},"author":1,"featured_media":0,"parent":0,"menu_order":0,"comment_status":"closed","ping_status":"closed","template":"","meta":{"footnotes":""},"class_list":["post-138","page","type-page","status-publish","hentry","entry"],"_links":{"self":[{"href":"https:\/\/juergen-schlusnus.de\/index.php?rest_route=\/wp\/v2\/pages\/138","targetHints":{"allow":["GET"]}}],"collection":[{"href":"https:\/\/juergen-schlusnus.de\/index.php?rest_route=\/wp\/v2\/pages"}],"about":[{"href":"https:\/\/juergen-schlusnus.de\/index.php?rest_route=\/wp\/v2\/types\/page"}],"author":[{"embeddable":true,"href":"https:\/\/juergen-schlusnus.de\/index.php?rest_route=\/wp\/v2\/users\/1"}],"replies":[{"embeddable":true,"href":"https:\/\/juergen-schlusnus.de\/index.php?rest_route=%2Fwp%2Fv2%2Fcomments&post=138"}],"version-history":[{"count":61,"href":"https:\/\/juergen-schlusnus.de\/index.php?rest_route=\/wp\/v2\/pages\/138\/revisions"}],"predecessor-version":[{"id":456,"href":"https:\/\/juergen-schlusnus.de\/index.php?rest_route=\/wp\/v2\/pages\/138\/revisions\/456"}],"wp:attachment":[{"href":"https:\/\/juergen-schlusnus.de\/index.php?rest_route=%2Fwp%2Fv2%2Fmedia&parent=138"}],"curies":[{"name":"wp","href":"https:\/\/api.w.org\/{rel}","templated":true}]}}